{"id":9,"date":"2014-03-17T20:48:47","date_gmt":"2014-03-17T18:48:47","guid":{"rendered":"http:\/\/www.trionfosport.sk\/?page_id=9"},"modified":"2021-04-18T22:05:53","modified_gmt":"2021-04-18T20:05:53","slug":"home","status":"publish","type":"page","link":"https:\/\/www.trionfosport.sk\/","title":{"rendered":"Trionfo"},"content":{"rendered":"<p><b>Trionfo sport je \u0161portov<b>\u00e9 centrum<\/b>, v ktorom s\u00fa k dispoz\u00edcii dva klimatizovan\u00e9 squashov\u00e9 kurty zna\u010dky McWil, stoln\u00fd tenis a exteri\u00e9rov\u00fd tenisov\u00fd kurt s no\u010dn\u00fdm osvetlen\u00edm , pr\u00edjemne prostredie s barom a letnou terasou. Mo\u017enos\u0165 po\u017ei\u010da\u0165 squashov\u00e9 a tenisov\u00e9 rakety a lopti\u010dky. Bezplatn\u00e9 bezdr\u00f4tov\u00e9 pripojenie na internet free Wi-Fi. K dispoz\u00edcii je aj bezplatn\u00e9 vyhraden\u00e9 parkovisko pre z\u00e1kazn\u00edkov<b>.<\/b><br \/>\n<\/b><\/p>\n","protected":false},"excerpt":{"rendered":"<p>Trionfo sport je \u0161portov\u00e9 centrum, v ktorom s\u00fa k dispoz\u00edcii dva klimatizovan\u00e9 squashov\u00e9 kurty zna\u010dky McWil, stoln\u00fd tenis a exteri\u00e9rov\u00fd tenisov\u00fd kurt s no\u010dn\u00fdm osvetlen\u00edm , pr\u00edjemne prostredie s barom a letnou terasou. Mo\u017enos\u0165 po\u017ei\u010da\u0165 squashov\u00e9 a tenisov\u00e9 rakety a lopti\u010dky. Bezplatn\u00e9 bezdr\u00f4tov\u00e9 pripojenie na internet free Wi-Fi. K dispoz\u00edcii &#8230;<\/p>\n","protected":false},"author":2,"featured_media":0,"parent":0,"menu_order":0,"comment_status":"closed","ping_status":"closed","template":"","meta":[],"_links":{"self":[{"href":"https:\/\/www.trionfosport.sk\/index.php?rest_route=\/wp\/v2\/pages\/9"}],"collection":[{"href":"https:\/\/www.trionfosport.sk\/index.php?rest_route=\/wp\/v2\/pages"}],"about":[{"href":"https:\/\/www.trionfosport.sk\/index.php?rest_route=\/wp\/v2\/types\/page"}],"author":[{"embeddable":true,"href":"https:\/\/www.trionfosport.sk\/index.php?rest_route=\/wp\/v2\/users\/2"}],"replies":[{"embeddable":true,"href":"https:\/\/www.trionfosport.sk\/index.php?rest_route=%2Fwp%2Fv2%2Fcomments&post=9"}],"version-history":[{"count":5,"href":"https:\/\/www.trionfosport.sk\/index.php?rest_route=\/wp\/v2\/pages\/9\/revisions"}],"predecessor-version":[{"id":198,"href":"https:\/\/www.trionfosport.sk\/index.php?rest_route=\/wp\/v2\/pages\/9\/revisions\/198"}],"wp:attachment":[{"href":"https:\/\/www.trionfosport.sk\/index.php?rest_route=%2Fwp%2Fv2%2Fmedia&parent=9"}],"curies":[{"name":"wp","href":"https:\/\/api.w.org\/{rel}","templated":true}]}}