{"id":59,"date":"2014-03-23T14:33:15","date_gmt":"2014-03-23T12:33:15","guid":{"rendered":"http:\/\/www.trionfosport.sk\/?page_id=59"},"modified":"2014-03-23T21:24:04","modified_gmt":"2014-03-23T19:24:04","slug":"kavicka","status":"publish","type":"page","link":"https:\/\/www.trionfosport.sk\/?page_id=59","title":{"rendered":"K\u00e1vi\u010dka"},"content":{"rendered":"<p>Okrem toho, \u017ee si u n\u00e1s m\u00f4\u017eete za\u0161portova\u0165, pon\u00fakame aj pr\u00edjemn\u00e9 posedenie vo vn\u00fatri alebo na letnej terase, holandsk\u00fa k\u00e1vu, nealko a alko n\u00e1poje.<\/p>\n<p><a href=\"http:\/\/www.trionfosport.sk\/wp-content\/uploads\/2014\/03\/1187253_609594715786738_1850504905_n.jpg\"><img loading=\"lazy\" class=\"alignnone size-full wp-image-68\" alt=\"1187253_609594715786738_1850504905_n\" src=\"http:\/\/www.trionfosport.sk\/wp-content\/uploads\/2014\/03\/1187253_609594715786738_1850504905_n.jpg\" width=\"192\" height=\"128\" \/><\/a> <a href=\"http:\/\/www.trionfosport.sk\/wp-content\/uploads\/2014\/03\/1977035_609594732453403_385654901_n.jpg\"><img loading=\"lazy\" class=\"alignnone size-full wp-image-75\" alt=\"1977035_609594732453403_385654901_n\" src=\"http:\/\/www.trionfosport.sk\/wp-content\/uploads\/2014\/03\/1977035_609594732453403_385654901_n.jpg\" width=\"192\" height=\"128\" \/><\/a><a href=\"http:\/\/www.trionfosport.sk\/wp-content\/uploads\/2014\/03\/1891114_609594722453404_459170912_n.jpg\"><img loading=\"lazy\" class=\"alignnone size-full wp-image-69\" alt=\"1891114_609594722453404_459170912_n\" src=\"http:\/\/www.trionfosport.sk\/wp-content\/uploads\/2014\/03\/1891114_609594722453404_459170912_n.jpg\" width=\"192\" height=\"128\" \/><\/a><\/p>\n","protected":false},"excerpt":{"rendered":"<p>Okrem toho, \u017ee si u n\u00e1s m\u00f4\u017eete za\u0161portova\u0165, pon\u00fakame aj pr\u00edjemn\u00e9 posedenie vo vn\u00fatri alebo na letnej terase, holandsk\u00fa k\u00e1vu, nealko a alko n\u00e1poje.<\/p>\n","protected":false},"author":2,"featured_media":0,"parent":0,"menu_order":0,"comment_status":"closed","ping_status":"closed","template":"","meta":[],"_links":{"self":[{"href":"https:\/\/www.trionfosport.sk\/index.php?rest_route=\/wp\/v2\/pages\/59"}],"collection":[{"href":"https:\/\/www.trionfosport.sk\/index.php?rest_route=\/wp\/v2\/pages"}],"about":[{"href":"https:\/\/www.trionfosport.sk\/index.php?rest_route=\/wp\/v2\/types\/page"}],"author":[{"embeddable":true,"href":"https:\/\/www.trionfosport.sk\/index.php?rest_route=\/wp\/v2\/users\/2"}],"replies":[{"embeddable":true,"href":"https:\/\/www.trionfosport.sk\/index.php?rest_route=%2Fwp%2Fv2%2Fcomments&post=59"}],"version-history":[{"count":5,"href":"https:\/\/www.trionfosport.sk\/index.php?rest_route=\/wp\/v2\/pages\/59\/revisions"}],"predecessor-version":[{"id":77,"href":"https:\/\/www.trionfosport.sk\/index.php?rest_route=\/wp\/v2\/pages\/59\/revisions\/77"}],"wp:attachment":[{"href":"https:\/\/www.trionfosport.sk\/index.php?rest_route=%2Fwp%2Fv2%2Fmedia&parent=59"}],"curies":[{"name":"wp","href":"https:\/\/api.w.org\/{rel}","templated":true}]}}