{"id":40,"date":"2014-03-22T10:31:06","date_gmt":"2014-03-22T08:31:06","guid":{"rendered":"http:\/\/www.trionfosport.sk\/?page_id=40"},"modified":"2014-03-27T22:40:21","modified_gmt":"2014-03-27T20:40:21","slug":"tenis","status":"publish","type":"page","link":"https:\/\/www.trionfosport.sk\/?page_id=40","title":{"rendered":"Tenis"},"content":{"rendered":"<p>Tenis je jedn\u00fdm z najob\u013e\u00fabenej\u0161\u00edch svetov\u00fdch \u0161portov. My V\u00e1m pon\u00fakame exteri\u00e9rov\u00fd tenisov\u00fd kurt s no\u010dn\u00fdm osvetlen\u00edm.<\/p>\n<p><a href=\"http:\/\/www.trionfosport.sk\/wp-content\/uploads\/2014\/03\/1902878_609096955836514_36219345_n.jpg\"><img loading=\"lazy\" class=\"alignnone  wp-image-73\" alt=\"1902878_609096955836514_36219345_n\" src=\"http:\/\/www.trionfosport.sk\/wp-content\/uploads\/2014\/03\/1902878_609096955836514_36219345_n-300x200.jpg\" width=\"256\" height=\"171\" srcset=\"https:\/\/www.trionfosport.sk\/wp-content\/uploads\/2014\/03\/1902878_609096955836514_36219345_n-300x200.jpg 300w, https:\/\/www.trionfosport.sk\/wp-content\/uploads\/2014\/03\/1902878_609096955836514_36219345_n.jpg 352w\" sizes=\"(max-width: 256px) 100vw, 256px\" \/><\/a> <a href=\"http:\/\/www.trionfosport.sk\/wp-content\/uploads\/2014\/03\/1897828_609096935836516_275149833_n.jpg\"><img loading=\"lazy\" class=\"alignnone  wp-image-72\" alt=\"1897828_609096935836516_275149833_n\" src=\"http:\/\/www.trionfosport.sk\/wp-content\/uploads\/2014\/03\/1897828_609096935836516_275149833_n-300x200.jpg\" width=\"256\" height=\"171\" srcset=\"https:\/\/www.trionfosport.sk\/wp-content\/uploads\/2014\/03\/1897828_609096935836516_275149833_n-300x200.jpg 300w, https:\/\/www.trionfosport.sk\/wp-content\/uploads\/2014\/03\/1897828_609096935836516_275149833_n.jpg 307w\" sizes=\"(max-width: 256px) 100vw, 256px\" \/><\/a><a href=\"http:\/\/www.trionfosport.sk\/wp-content\/uploads\/2014\/03\/1897008_609096945836515_1737096870_n.jpg\"><img loading=\"lazy\" class=\"alignnone  wp-image-71\" alt=\"1897008_609096945836515_1737096870_n\" src=\"http:\/\/www.trionfosport.sk\/wp-content\/uploads\/2014\/03\/1897008_609096945836515_1737096870_n-300x200.jpg\" width=\"256\" height=\"171\" srcset=\"https:\/\/www.trionfosport.sk\/wp-content\/uploads\/2014\/03\/1897008_609096945836515_1737096870_n-300x200.jpg 300w, https:\/\/www.trionfosport.sk\/wp-content\/uploads\/2014\/03\/1897008_609096945836515_1737096870_n.jpg 307w\" sizes=\"(max-width: 256px) 100vw, 256px\" \/><\/a><\/p>\n<p>REZERV\u00c1CIE KURTU NA TEL.\u010d. 0948 101 333\u200f<\/p>\n","protected":false},"excerpt":{"rendered":"<p>Tenis je jedn\u00fdm z najob\u013e\u00fabenej\u0161\u00edch svetov\u00fdch \u0161portov. My V\u00e1m pon\u00fakame exteri\u00e9rov\u00fd tenisov\u00fd kurt s no\u010dn\u00fdm osvetlen\u00edm. REZERV\u00c1CIE KURTU NA TEL.\u010d. 0948 101 333\u200f<\/p>\n","protected":false},"author":2,"featured_media":0,"parent":0,"menu_order":0,"comment_status":"closed","ping_status":"closed","template":"","meta":[],"_links":{"self":[{"href":"https:\/\/www.trionfosport.sk\/index.php?rest_route=\/wp\/v2\/pages\/40"}],"collection":[{"href":"https:\/\/www.trionfosport.sk\/index.php?rest_route=\/wp\/v2\/pages"}],"about":[{"href":"https:\/\/www.trionfosport.sk\/index.php?rest_route=\/wp\/v2\/types\/page"}],"author":[{"embeddable":true,"href":"https:\/\/www.trionfosport.sk\/index.php?rest_route=\/wp\/v2\/users\/2"}],"replies":[{"embeddable":true,"href":"https:\/\/www.trionfosport.sk\/index.php?rest_route=%2Fwp%2Fv2%2Fcomments&post=40"}],"version-history":[{"count":5,"href":"https:\/\/www.trionfosport.sk\/index.php?rest_route=\/wp\/v2\/pages\/40\/revisions"}],"predecessor-version":[{"id":144,"href":"https:\/\/www.trionfosport.sk\/index.php?rest_route=\/wp\/v2\/pages\/40\/revisions\/144"}],"wp:attachment":[{"href":"https:\/\/www.trionfosport.sk\/index.php?rest_route=%2Fwp%2Fv2%2Fmedia&parent=40"}],"curies":[{"name":"wp","href":"https:\/\/api.w.org\/{rel}","templated":true}]}}