{"id":37,"date":"2014-03-22T10:26:33","date_gmt":"2014-03-22T08:26:33","guid":{"rendered":"http:\/\/www.trionfosport.sk\/?page_id=37"},"modified":"2014-03-24T15:32:01","modified_gmt":"2014-03-24T13:32:01","slug":"squash","status":"publish","type":"page","link":"https:\/\/www.trionfosport.sk\/?page_id=37","title":{"rendered":"Squash"},"content":{"rendered":"<p style=\"text-align: justify;\">Squash je hra vhodn\u00e1 pre mu\u017eov aj \u017eeny v\u0161etk\u00fdch vekov\u00fdch kateg\u00f3ri\u00ed.\u00a0 Hr\u00e1 sa so \u0161peci\u00e1lnou raketou a gumenou lopti\u010dkou na uzavretom kurte. Trionfo sport V\u00e1m pon\u00faka 2 klimatizovan\u00e9 squashov\u00e9 kurty zna\u010dky McWil a mo\u017enos\u0165 zapo\u017ei\u010dania rakiet a lopti\u010dky. Podmienkou je halov\u00e1 obuv (\u017elt\u00e1 alebo biela podr\u00e1\u017eka).<\/p>\n<p style=\"text-align: justify;\">REZERV\u00c1CIE KURTOV NA TEL.\u010d. 0948 101 333\u200f<\/p>\n<p style=\"text-align: justify;\"><a href=\"http:\/\/www.trionfosport.sk\/wp-content\/uploads\/2014\/03\/1896740_609094432503433_478694550_n.jpg\"><img loading=\"lazy\" class=\"alignnone size-full wp-image-70\" alt=\"1896740_609094432503433_478694550_n\" src=\"http:\/\/www.trionfosport.sk\/wp-content\/uploads\/2014\/03\/1896740_609094432503433_478694550_n.jpg\" width=\"256\" height=\"171\" \/><\/a><a href=\"http:\/\/www.trionfosport.sk\/wp-content\/uploads\/2014\/03\/1962828_609094419170101_1642254774_n.jpg\"><img loading=\"lazy\" class=\"alignnone size-full wp-image-74\" alt=\"1962828_609094419170101_1642254774_n\" src=\"http:\/\/www.trionfosport.sk\/wp-content\/uploads\/2014\/03\/1962828_609094419170101_1642254774_n.jpg\" width=\"256\" height=\"171\" \/><\/a><\/p>\n<h2 style=\"text-align: justify;\">Pravidl\u00e1 hry<\/h2>\n<p style=\"text-align: justify;\">Hr\u00e1 sa do 11 bodov bez str\u00e1t na 3 v\u00ed\u0165azn\u00e9 sety. V pr\u00edpade, \u017ee je stav 10:10, hra pokra\u010duje k\u00fdm rozdiel sk\u00f3re nie s\u00fa dva body.<\/p>\n<p style=\"text-align: justify;\"><strong>Podanie:<\/strong><\/p>\n<ul>\n<li>hr\u00e1\u010d si pri z\u00edskan\u00ed podania vyber\u00e1 \u013eubovo\u013en\u00fa stranu a potom strany pravidelne strieda a\u017e do prehratia v\u00fdmeny<\/li>\n<li>hr\u00e1\u010d m\u00f4\u017ee pod\u00e1va\u0165 zvrchu i zo spodu<\/li>\n<li>hr\u00e1\u010d mus\u00ed pri podan\u00ed st\u00e1\u0165 minim\u00e1lne jednou nohou v pod\u00e1vacom poli (\u0161tvorec)<\/li>\n<li>lopti\u010dka sa m\u00f4\u017ee, ale aj nemus\u00ed odrazi\u0165 od bo\u010dn\u00fdch stien<\/li>\n<li>lopti\u010dka sa v\u017edy mus\u00ed odrazi\u0165 od \u010delnej steny medzi strednou a vrchnou \u010diarou do proti\u013eahl\u00e9ho hracieho po\u013ea (obd\u013a\u017enik)<\/li>\n<li>ak\u00fdko\u013evek dotyk lopti\u010dky s \u010dervenou \u010diarou je chyba<\/li>\n<\/ul>\n<p style=\"text-align: justify;\"><strong>Pri hre:<\/strong><\/p>\n<div style=\"text-align: justify;\">\n<ul>\n<li>lopti\u010dka sa m\u00f4\u017ee odrazi\u0165 od bo\u010dn\u00fdch stien a skla, ale v\u017edy od \u010delnej steny medzi spodnou a vrchnou \u010diarou a dopadn\u00fa\u0165 kamko\u013evek do hracieho po\u013ea<\/li>\n<li>s\u00faper ju m\u00f4\u017ee odohra\u0165 priamo z voleja alebo po 1 dopadnut\u00ed<\/li>\n<\/ul>\n<\/div>\n<div style=\"text-align: justify;\">Upozornenie: odohra\u0165 sa m\u00f4\u017ee v\u017edy ke\u010f sa lopti\u010dka odraz\u00ed od \u010delnej steny!<\/div>\n<div style=\"text-align: justify;\"><\/div>\n<p><strong>Br\u00e1nenie pri hre:<\/strong><\/p>\n<p>Hr\u00e1\u010d, ktor\u00fd sa chyst\u00e1 zasiahnu\u0165 lopti\u010dku m\u00e1 pr\u00e1vo na to, aby mu protihr\u00e1\u010d nebr\u00e1nil v hre. Protihr\u00e1\u010d mus\u00ed druh\u00e9mu hr\u00e1\u010dovi umo\u017eni\u0165:<\/p>\n<div style=\"text-align: justify;\">\n<ul>\n<li>neobmedzovan\u00fd pr\u00edstup k lopti\u010dke<\/li>\n<li>dobr\u00fd v\u00fdh\u013ead na lopti\u010dku<\/li>\n<li>dostato\u010dn\u00fd priestor na odohranie &#8211; zasiahnutie lopti\u010dky<\/li>\n<\/ul>\n<p>Ak do\u0161lo k br\u00e1neniu v hre, v\u00fdmena sa zvy\u010dajne opakuje<\/p>\n<\/div>\n","protected":false},"excerpt":{"rendered":"<p>Squash je hra vhodn\u00e1 pre mu\u017eov aj \u017eeny v\u0161etk\u00fdch vekov\u00fdch kateg\u00f3ri\u00ed.\u00a0 Hr\u00e1 sa so \u0161peci\u00e1lnou raketou a gumenou lopti\u010dkou na uzavretom kurte. Trionfo sport V\u00e1m pon\u00faka 2 klimatizovan\u00e9 squashov\u00e9 kurty zna\u010dky McWil a mo\u017enos\u0165 zapo\u017ei\u010dania rakiet a lopti\u010dky. Podmienkou je halov\u00e1 obuv (\u017elt\u00e1 alebo biela podr\u00e1\u017eka). REZERV\u00c1CIE KURTOV NA TEL.\u010d. &#8230;<\/p>\n","protected":false},"author":2,"featured_media":0,"parent":0,"menu_order":0,"comment_status":"closed","ping_status":"closed","template":"","meta":[],"_links":{"self":[{"href":"https:\/\/www.trionfosport.sk\/index.php?rest_route=\/wp\/v2\/pages\/37"}],"collection":[{"href":"https:\/\/www.trionfosport.sk\/index.php?rest_route=\/wp\/v2\/pages"}],"about":[{"href":"https:\/\/www.trionfosport.sk\/index.php?rest_route=\/wp\/v2\/types\/page"}],"author":[{"embeddable":true,"href":"https:\/\/www.trionfosport.sk\/index.php?rest_route=\/wp\/v2\/users\/2"}],"replies":[{"embeddable":true,"href":"https:\/\/www.trionfosport.sk\/index.php?rest_route=%2Fwp%2Fv2%2Fcomments&post=37"}],"version-history":[{"count":6,"href":"https:\/\/www.trionfosport.sk\/index.php?rest_route=\/wp\/v2\/pages\/37\/revisions"}],"predecessor-version":[{"id":116,"href":"https:\/\/www.trionfosport.sk\/index.php?rest_route=\/wp\/v2\/pages\/37\/revisions\/116"}],"wp:attachment":[{"href":"https:\/\/www.trionfosport.sk\/index.php?rest_route=%2Fwp%2Fv2%2Fmedia&parent=37"}],"curies":[{"name":"wp","href":"https:\/\/api.w.org\/{rel}","templated":true}]}}